{"id":40,"date":"2012-12-06T16:44:27","date_gmt":"2012-12-06T14:44:27","guid":{"rendered":"http:\/\/www.swimmingpool-productions.de\/page\/?page_id=40"},"modified":"2012-12-09T11:16:08","modified_gmt":"2012-12-09T09:16:08","slug":"curd-duca","status":"publish","type":"page","link":"https:\/\/www.swimmingpool-productions.de\/page\/artists\/curd-duca\/","title":{"rendered":"Curd Duca"},"content":{"rendered":"<p>Ein \u00f6sterreichischer Musiker, Komponist und Produzent von elekronischer Musik. Er spielte von 1982 \u2013 1991 in den Musikgruppen \u201eAuch wenn es seltsam kingen mag\u201c, \u201e8 ODER 9\u201c und \u201eSkin\u201c (Akkordeon, Gitarre, Gesang und Perkussion). Seit 1992 arbeitet er \u00fcberwiegend an Soloprojekten mit elektronischen Mitteln (Synthesizer, Computer).<\/p>\n<p>Curd Duca arbeitet vorwiegend mit Samples &#8211; digitalisiertem Klangmaterial, das er ver\u00e4ndert, zerschneidet und &#8222;re-kontextualisiert&#8220; (&#8222;cut-up artist&#8220; &#8211; Spin Magazine). Als Ausgangspunkt dienen analoge Quellen: Naturinstrumente, Orchester, Sprache, Ger\u00e4usche, Vogelstimmen, u.a. Die Bearbeitungen am Computer sind zumeist nicht Ver\u00e4nderungen des Klanges, sondern Manipulationen der Zeitebene &#8211; urspr\u00fcnglich durch Loops, sp\u00e4ter vor allem durch Schnitte und manuelle Improvisationen mit Parametern der &#8222;granularen Synthese&#8220;.<\/p>\n<p><a href=\"http:\/\/www.spiegel.de\/kultur\/musik\/0,1518,25999,00.html\" target=\"_blank\">Der Spiegel &#8211; Rezension elevator 1<\/a><br \/>\n<a href=\"http:\/\/www.zeit.de\/1999\/15\/Curd_Duca\" target=\"_blank\">Die Zeit &#8211; Rezension elevator 2<\/a><br \/>\n<a href=\"http:\/\/www.zeit.de\/2000\/17\/Macintosh-Folk\" target=\"_blank\">Die Zeit &#8211; Rezension elevator 3<\/a><br \/>\n<a href=\"http:\/\/fm4v2.orf.at\/station\/22808\/main\" target=\"_blank\">ORF \/ FM4 Artikel<\/a><br \/>\n<a href=\"http:\/\/www.heise.de\/tp\/r4\/artikel\/3\/3000\/1.html\" target=\"_blank\">Heise \/ Telepolis Artikel<\/a><br \/>\n<a href=\"http:\/\/www.angbase.com\/interviews\/curd_duca.html\" target=\"_blank\">Angbase.com Interview<\/a><br \/>\n<a href=\"http:\/\/www.discogs.com\/artist\/Curd+Duca\" target=\"_blank\">Curd Duca auf discogs.com<\/a><br \/>\n<a href=\"http:\/\/www.allmusic.com\/cg\/amg.dll?p=amg&amp;sql=11:fifuxq9hldke\" target=\"_blank\">Curd Duca auf AllMusic.com<\/a><\/p>\n<hr \/>\n<h2>Releases<\/h2>\n<p>easy listening 1<br \/>\neasy listening 2<br \/>\neasy listening 3<br \/>\neasy listening 4<br \/>\neasy listening 5 (LP, CD Normal, Bonn 1992 &#8211; 1997)<\/p>\n<p>switched-on wagner &#8211; Richard Wagner compositions transformed beyond recognition (CD Mille Plateaux, Frankfurt 1996)<\/p>\n<p>elevator 1elevator 2 (Gesang: Carin Feldschmid)<br \/>\nelevator 3 (Gesang: Carin Feldschmid) (LP, CD Mille Plateaux, Frankfurt 1998 &#8211; 2000)<br \/>\nDer Untertitel dieses Albums wurde namensgebend f\u00fcr ein Elektronikfestival: &#8222;digitalanalog&#8220;<\/p>\n<hr \/>\n<h2>Kompositionen<\/h2>\n<p>Modulation &amp; Transformation 3 und 4 (Mille Plateaux)<br \/>\nClicks &amp; Cuts (Mille Plateaux)<br \/>\nThe Wire Tapper (Wire Magazine, London)<br \/>\nThe Eclectic Sound Of Vienna 2 (Spray)<br \/>\nMind The Gap vol 20 (Gonzo Circus)<br \/>\nIn memoriam &#8211; Max Brand (CD rhiz)<\/p>\n<hr \/>\n<h2>Rezensionen<\/h2>\n<p>de-bug (Berlin), spex, Die Zeit (Hamburg), skug, Der Standard (Wien), The Wire (London), actuel, nova (F), Spin, CMJ (USA), Z\u00fcrcher Tagesanzeiger (CH), Wired (Japan), u. a.<\/p>\n<hr \/>\n<h2>Solo-Konzerte<\/h2>\n<p>Wien (rhiz, flex), Berlin (Volksb\u00fchne \/ Roter Salon), M\u00fcnchen (Ultraschall), Z\u00fcrich (Rote Fabrik), London (sprawl), Barcelona (Sonar), ACNY New York, Miami (MLP), Luxembourg (Mudam), u. a.<\/p>\n<hr \/>\n<h2>Diverses<\/h2>\n<p>Musik f\u00fcr Filme: Flaming Ears (Scheirl, P\u00fcrrer, Schipek, Urauff\u00fchrung 1990 in New York), The Subversion Agency (Mark Boswell, 2004), Musik f\u00fcr das Computerspiel ars-doom (ars electronica 1997),<br \/>\nu.a.<\/p>\n<p>ORF Kunstradio: &#8222;voices \/ cut-up hitler&#8220; (1998), &#8222;netz\/sprache&#8220; (1999, mit Armin Medosch), u.a.<\/p>\n<p>Musik f\u00fcr Ausstellungen: telepolis (Luxembourg, 1995), Installation Hedy Lamarr (ars electronica, 1998), &#8222;Dark Matter&#8220; von Eva Grubinger im &#8222;baltic&#8220;, Gateshaed, GB 2003),<br \/>\nVideos von Ingeborg Strobl (2007).<\/p>\n<p>Lehrauftr\u00e4ge und Vortr\u00e4ge (&#8222;digital poetry&#8220;) an der schule f\u00fcr dichtung (sfd), Wien.<\/p>\n","protected":false},"excerpt":{"rendered":"<p>Ein \u00f6sterreichischer Musiker, Komponist und Produzent von elekronischer Musik. Er spielte von 1982 \u2013 1991 in den Musikgruppen \u201eAuch wenn es seltsam kingen mag\u201c, \u201e8 ODER 9\u201c und \u201eSkin\u201c (Akkordeon, Gitarre, Gesang und Perkussion). Seit 1992 arbeitet er \u00fcberwiegend an &hellip; <a href=\"https:\/\/www.swimmingpool-productions.de\/page\/artists\/curd-duca\/\">Weiterlesen <span class=\"meta-nav\">&rarr;<\/span><\/a><\/p>\n","protected":false},"author":1,"featured_media":0,"parent":7,"menu_order":0,"comment_status":"closed","ping_status":"closed","template":"","meta":{"footnotes":""},"class_list":["post-40","page","type-page","status-publish","hentry"],"_links":{"self":[{"href":"https:\/\/www.swimmingpool-productions.de\/page\/wp-json\/wp\/v2\/pages\/40","targetHints":{"allow":["GET"]}}],"collection":[{"href":"https:\/\/www.swimmingpool-productions.de\/page\/wp-json\/wp\/v2\/pages"}],"about":[{"href":"https:\/\/www.swimmingpool-productions.de\/page\/wp-json\/wp\/v2\/types\/page"}],"author":[{"embeddable":true,"href":"https:\/\/www.swimmingpool-productions.de\/page\/wp-json\/wp\/v2\/users\/1"}],"replies":[{"embeddable":true,"href":"https:\/\/www.swimmingpool-productions.de\/page\/wp-json\/wp\/v2\/comments?post=40"}],"version-history":[{"count":4,"href":"https:\/\/www.swimmingpool-productions.de\/page\/wp-json\/wp\/v2\/pages\/40\/revisions"}],"predecessor-version":[{"id":122,"href":"https:\/\/www.swimmingpool-productions.de\/page\/wp-json\/wp\/v2\/pages\/40\/revisions\/122"}],"up":[{"embeddable":true,"href":"https:\/\/www.swimmingpool-productions.de\/page\/wp-json\/wp\/v2\/pages\/7"}],"wp:attachment":[{"href":"https:\/\/www.swimmingpool-productions.de\/page\/wp-json\/wp\/v2\/media?parent=40"}],"curies":[{"name":"wp","href":"https:\/\/api.w.org\/{rel}","templated":true}]}}