{"id":49,"date":"2012-12-06T16:45:26","date_gmt":"2012-12-06T14:45:26","guid":{"rendered":"http:\/\/www.swimmingpool-productions.de\/page\/?page_id=49"},"modified":"2015-07-30T09:44:19","modified_gmt":"2015-07-30T07:44:19","slug":"sicovaja","status":"publish","type":"page","link":"https:\/\/www.swimmingpool-productions.de\/page\/artists\/sicovaja\/","title":{"rendered":"SicoVaja"},"content":{"rendered":"<p><a href=\"http:\/\/www.swimmingpool-productions.de\/page\/wp-content\/uploads\/SicoVaja.jpg\"><img loading=\"lazy\" decoding=\"async\" class=\"alignright size-medium wp-image-93\" title=\"SicoVaja\" src=\"http:\/\/www.swimmingpool-productions.de\/page\/wp-content\/uploads\/SicoVaja-300x199.jpg\" alt=\"\" width=\"300\" height=\"199\" srcset=\"https:\/\/www.swimmingpool-productions.de\/page\/wp-content\/uploads\/SicoVaja-300x199.jpg 300w, https:\/\/www.swimmingpool-productions.de\/page\/wp-content\/uploads\/SicoVaja-451x300.jpg 451w, https:\/\/www.swimmingpool-productions.de\/page\/wp-content\/uploads\/SicoVaja.jpg 1000w\" sizes=\"auto, (max-width: 300px) 100vw, 300px\" \/><\/a> Genauso wie ihr Name klingt, so zeigen sich auch ihre VJ Sets. Verspielt, vor Kreativit\u00e4t sprudelnd und gerne auch mal etwas durchtrieben. Versucht man dominante Einfl\u00fcsse zu entdecken, wird man scheitern. Von den Verr\u00fccktheiten des Alltags, \u00fcber Filmschnipsel bis hin zu der ein oder anderen durchgebrannten Synapse wirkt Vieles auf ihre Kunst ein. SicoVaja, mit VJ Highflyer als Mentor, konnte ihre zahlreichen Facetten schon bei Auftritten von MarieMarie, auf dem \u201eGreenfields\u201c Festival und als Resident VJ im \u201eCall me Drella\u201c zeigen. Ihre Vielseitigkeit lebt sie regelm\u00e4ssig bei digitalanalog in neuen interessanten Varianten aus.<\/p>\n<p><a href=\"http:\/\/www.sicovaja.com\" target=\"_blank\">www.sicovaja.com<\/a><\/p>\n","protected":false},"excerpt":{"rendered":"<p>Genauso wie ihr Name klingt, so zeigen sich auch ihre VJ Sets. Verspielt, vor Kreativit\u00e4t sprudelnd und gerne auch mal etwas durchtrieben. Versucht man dominante Einfl\u00fcsse zu entdecken, wird man scheitern. Von den Verr\u00fccktheiten des Alltags, \u00fcber Filmschnipsel bis hin &hellip; <a href=\"https:\/\/www.swimmingpool-productions.de\/page\/artists\/sicovaja\/\">Weiterlesen <span class=\"meta-nav\">&rarr;<\/span><\/a><\/p>\n","protected":false},"author":1,"featured_media":0,"parent":7,"menu_order":0,"comment_status":"closed","ping_status":"closed","template":"","meta":{"footnotes":""},"class_list":["post-49","page","type-page","status-publish","hentry"],"_links":{"self":[{"href":"https:\/\/www.swimmingpool-productions.de\/page\/wp-json\/wp\/v2\/pages\/49","targetHints":{"allow":["GET"]}}],"collection":[{"href":"https:\/\/www.swimmingpool-productions.de\/page\/wp-json\/wp\/v2\/pages"}],"about":[{"href":"https:\/\/www.swimmingpool-productions.de\/page\/wp-json\/wp\/v2\/types\/page"}],"author":[{"embeddable":true,"href":"https:\/\/www.swimmingpool-productions.de\/page\/wp-json\/wp\/v2\/users\/1"}],"replies":[{"embeddable":true,"href":"https:\/\/www.swimmingpool-productions.de\/page\/wp-json\/wp\/v2\/comments?post=49"}],"version-history":[{"count":8,"href":"https:\/\/www.swimmingpool-productions.de\/page\/wp-json\/wp\/v2\/pages\/49\/revisions"}],"predecessor-version":[{"id":135,"href":"https:\/\/www.swimmingpool-productions.de\/page\/wp-json\/wp\/v2\/pages\/49\/revisions\/135"}],"up":[{"embeddable":true,"href":"https:\/\/www.swimmingpool-productions.de\/page\/wp-json\/wp\/v2\/pages\/7"}],"wp:attachment":[{"href":"https:\/\/www.swimmingpool-productions.de\/page\/wp-json\/wp\/v2\/media?parent=49"}],"curies":[{"name":"wp","href":"https:\/\/api.w.org\/{rel}","templated":true}]}}