{"id":51,"date":"2012-12-06T16:45:42","date_gmt":"2012-12-06T14:45:42","guid":{"rendered":"http:\/\/www.swimmingpool-productions.de\/page\/?page_id=51"},"modified":"2015-07-30T09:34:37","modified_gmt":"2015-07-30T07:34:37","slug":"splits-slits","status":"publish","type":"page","link":"https:\/\/www.swimmingpool-productions.de\/page\/artists\/splits-slits\/","title":{"rendered":"Splits &#038; Slits"},"content":{"rendered":"<p><a href=\"http:\/\/www.swimmingpool-productions.de\/page\/wp-content\/uploads\/DSC_4834A.jpg\"><img loading=\"lazy\" decoding=\"async\" class=\"alignright size-medium wp-image-97\" title=\"Splits &amp; Slits\" src=\"http:\/\/www.swimmingpool-productions.de\/page\/wp-content\/uploads\/DSC_4834A-225x300.jpg\" alt=\"\" width=\"225\" height=\"300\" srcset=\"https:\/\/www.swimmingpool-productions.de\/page\/wp-content\/uploads\/DSC_4834A-225x300.jpg 225w, https:\/\/www.swimmingpool-productions.de\/page\/wp-content\/uploads\/DSC_4834A.jpg 481w\" sizes=\"auto, (max-width: 225px) 100vw, 225px\" \/><\/a>&#8211; ein Abwehrmechanismus gegen den Mainstream<\/p>\n<p>Die beiden Wissenschaftler und Klangformer Holmeier-Pisec und arbeitet schon seit Jahren auf eine Formel f\u00fcr unebene Musik hin. Ihre Forschungs-und Live-\u00dcbersetzung in der Mikro-Extraktion ist unter dem Pseudonym &#8222;Splits &amp; Slits&#8220; ver\u00f6ffentlicht.<\/p>\n<p>Rhythmus, Klang-Forschung, Pop, Electronic Oxidation (dicker Bass, mehr Rock, mehr Psychedelik, mehr Inder, der Ton geht eine gr\u00f6\u00dfere Rolle spielen in den Vereinbarungen).<br \/>\nDie Tatsache, schlagen mit neuen Elementen, mit dem Wechsel von einem Standard-Akku Miniset (in der Batterie sind kleine Details, die hinzugef\u00fcgt wurden und die kumulierten zu einem anderen Ergebnis), war eine zus\u00e4tzliche Motivation bei der Eingabe der Aufnahme von Bollywood-Samples.<br \/>\nDie Reparatur von Elektrischem, die verst\u00e4rkte Pr\u00e4senz der Live-Tablas, der Sitar oder die Tastatur ist ein Weg zur Bereicherung der Lieder.<br \/>\n&#8222;Wir haben eine Gruppe und haben Songs, weil wir sehr gerne versuchen, dass mit dem alles neu, an einem gewissen Punkt zu provozieren diese Gef\u00fchle in anderen Leute.<br \/>\nZuerst war es wie eine fucking Erbse, ein Vertrag zur besseren Klang als viele.<br \/>\nDiese Festplatte ist die langsame Assimilation der Verdauung, aber materialisiert gesehen ist es ein fantastisches Gef\u00fchl.&#8220;<\/p>\n<p>Die &#8222;Splits &amp; Slits&#8220; Forschung zeigt also deutlich, dass die \u00fcblichen oder die einzigartigen Zutaten (s.o.) zu Schmelzk\u00e4se konvertiert werden k\u00f6nnen.<\/p>\n<p><a href=\"http:\/\/www.myspace.com\/362968001\" target=\"_blank\">http:\/\/www.myspace.com\/362968001<\/a><\/p>\n<hr \/>\n<h2>Release<\/h2>\n<p>Hammering &#8211; Frictional (FRCT 017)<br \/>\n<img loading=\"lazy\" decoding=\"async\" class=\"alignnone size-medium wp-image-76\" title=\"FRCT 17\" src=\"http:\/\/www.swimmingpool-productions.de\/page\/wp-content\/uploads\/frict17-hammering_a-300x300.jpg\" alt=\"\" width=\"300\" height=\"300\" srcset=\"https:\/\/www.swimmingpool-productions.de\/page\/wp-content\/uploads\/frict17-hammering_a-300x300.jpg 300w, https:\/\/www.swimmingpool-productions.de\/page\/wp-content\/uploads\/frict17-hammering_a-150x150.jpg 150w, https:\/\/www.swimmingpool-productions.de\/page\/wp-content\/uploads\/frict17-hammering_a.jpg 626w\" sizes=\"auto, (max-width: 300px) 100vw, 300px\" \/><\/p>\n","protected":false},"excerpt":{"rendered":"<p>&#8211; ein Abwehrmechanismus gegen den Mainstream Die beiden Wissenschaftler und Klangformer Holmeier-Pisec und arbeitet schon seit Jahren auf eine Formel f\u00fcr unebene Musik hin. Ihre Forschungs-und Live-\u00dcbersetzung in der Mikro-Extraktion ist unter dem Pseudonym &#8222;Splits &amp; Slits&#8220; ver\u00f6ffentlicht. Rhythmus, Klang-Forschung, &hellip; <a href=\"https:\/\/www.swimmingpool-productions.de\/page\/artists\/splits-slits\/\">Weiterlesen <span class=\"meta-nav\">&rarr;<\/span><\/a><\/p>\n","protected":false},"author":1,"featured_media":0,"parent":7,"menu_order":0,"comment_status":"closed","ping_status":"closed","template":"","meta":{"footnotes":""},"class_list":["post-51","page","type-page","status-publish","hentry"],"_links":{"self":[{"href":"https:\/\/www.swimmingpool-productions.de\/page\/wp-json\/wp\/v2\/pages\/51","targetHints":{"allow":["GET"]}}],"collection":[{"href":"https:\/\/www.swimmingpool-productions.de\/page\/wp-json\/wp\/v2\/pages"}],"about":[{"href":"https:\/\/www.swimmingpool-productions.de\/page\/wp-json\/wp\/v2\/types\/page"}],"author":[{"embeddable":true,"href":"https:\/\/www.swimmingpool-productions.de\/page\/wp-json\/wp\/v2\/users\/1"}],"replies":[{"embeddable":true,"href":"https:\/\/www.swimmingpool-productions.de\/page\/wp-json\/wp\/v2\/comments?post=51"}],"version-history":[{"count":6,"href":"https:\/\/www.swimmingpool-productions.de\/page\/wp-json\/wp\/v2\/pages\/51\/revisions"}],"predecessor-version":[{"id":134,"href":"https:\/\/www.swimmingpool-productions.de\/page\/wp-json\/wp\/v2\/pages\/51\/revisions\/134"}],"up":[{"embeddable":true,"href":"https:\/\/www.swimmingpool-productions.de\/page\/wp-json\/wp\/v2\/pages\/7"}],"wp:attachment":[{"href":"https:\/\/www.swimmingpool-productions.de\/page\/wp-json\/wp\/v2\/media?parent=51"}],"curies":[{"name":"wp","href":"https:\/\/api.w.org\/{rel}","templated":true}]}}